{"id":1851,"date":"2021-04-10T17:08:19","date_gmt":"2021-04-10T15:08:19","guid":{"rendered":"https:\/\/sabrinaeilers.com\/wp\/?page_id=1851"},"modified":"2025-04-10T16:37:01","modified_gmt":"2025-04-10T14:37:01","slug":"wingwave","status":"publish","type":"page","link":"https:\/\/sabrinaeilers.com\/wp\/services\/wingwave\/","title":{"rendered":"Wingwave"},"content":{"rendered":"<p>[et_pb_section fb_built=&#8220;1&#8243; _builder_version=&#8220;4.16&#8243; _module_preset=&#8220;default&#8220; global_colors_info=&#8220;{}&#8220;][et_pb_row _builder_version=&#8220;4.16&#8243; _module_preset=&#8220;default&#8220; global_colors_info=&#8220;{}&#8220;][et_pb_column type=&#8220;4_4&#8243; _builder_version=&#8220;4.16&#8243; _module_preset=&#8220;default&#8220; global_colors_info=&#8220;{}&#8220;][et_pb_text _builder_version=&#8220;4.16&#8243; _module_preset=&#8220;default&#8220; global_colors_info=&#8220;{}&#8220;]<\/p>\n<h1>Wingwave<\/h1>\n<p>[\/et_pb_text][\/et_pb_column][\/et_pb_row][et_pb_row column_structure=&#8220;2_3,1_3&#8243; _builder_version=&#8220;4.16&#8243; _module_preset=&#8220;default&#8220; global_colors_info=&#8220;{}&#8220;][et_pb_column type=&#8220;2_3&#8243; _builder_version=&#8220;4.16&#8243; _module_preset=&#8220;default&#8220; global_colors_info=&#8220;{}&#8220;][et_pb_text _builder_version=&#8220;4.16&#8243; _module_preset=&#8220;default&#8220; global_colors_info=&#8220;{}&#8220;]<\/p>\n<p>wingwave\u00ae ist eine nachhaltig wirkende und effiziente Coaching-Methode, die drei Elemente in sich vereint: den Myostatiktest (Muskeltest), das Neuro-Linguistische Programmieren (#NLP) und die Bilaterale Hemisph\u00e4renstimulation.\u00a0W\u00e4hrend EMDR im psychotherapeutischen Bereich Anwendung findet, ist wingwave\u00ae ein Kurzzeitcoaching zur L\u00f6sung innerer Blockaden und Ver\u00e4nderung von Glaubenss\u00e4tzen.<\/p>\n<p>Die wingwave\u00ae\u00a0Methode ist ein Leistungs- und Emotions-Coaching, das in vergleichbar kurzer Zeit zum Erfolg f\u00fchrt. Erreicht wird dieser Effekt durch eine einfach erscheinende Grundintervention: das Erzeugen von<b>\u201cwachen\u201d REM-Phasen (Rapid Eye Movement)<\/b>, welche wir Menschen sonst nur im n\u00e4chtlichen Traumschlaf durchlaufen. Dabei f\u00fchrt der Coach mit\u00a0<b>schnellen Handbewegungen, auch \u201cWinken\u201d genannt,\u00a0<\/b>den Blick seiner Coachees horizontal hin und her. Alternativ zum \u201eWinken\u201c arbeitet der Coach f\u00fcr den Prozess-Flow manchmal auch mit bilateralen T\u00f6nen oder leichten\u00a0 Klopftechniken, die man \u201eTappen\u201c nennt.<\/p>\n<p>Abgeleitet ist wingwave\u00ae aus der EMDR-Therapie, die in Deutschland kassenzugelassen ist und somit strengsten wissenschaftlichen Kriterien gen\u00fcgen muss. wingwave\u00ae selbst ist eine extrem gut beforschte Coachingmethode. Seit 2006 wurde die Wirksamkeit in mehr als 20 universit\u00e4ren Studien belegt. Mehr Informationen dazu auf der\u00a0<a href=\"https:\/\/wingwave.com\/coaching\/forschung-und-erfolgskontrolle\/\">wingwave.com<\/a>\u00a0Website.<\/p>\n<p>Es wird davon ausgegangen, dass\u00a0Lernprozess Informationsverarbeitung und Stressbew\u00e4ltigung eng an den REM-Schlaf gekoppelt sind. Manche Erlebnisse werden unzureichend verarbeitet und bleiben als sogenannter Stress-Imprint bestehen. Er l\u00f6st in uns unangenehme Emotionen und Erinnerungen aus. Durch die Erzeugung der \u201cwachen REM-Phasen\u201d wird eine Verarbeitung nachtr\u00e4glich in Gang gesetzt und der Stress-Imprint nachhaltig aufgel\u00f6st.<\/p>\n<p>Der wingwave\u00ae\u00a0Prozess wird durch den Einsatz von\u00a0<b>Sprache<\/b>\u00a0in Form von Zieldefinitionen und emotionalen Wunschzust\u00e4nden unterst\u00fctzt. Die Techniken beruhen auf den Erkenntnissen der Neurolinguistik.<\/p>\n<p>Ein weiteres\u00a0Element ist der\u00a0<b>Myostatiktest<\/b>. Eine Muskelfeedback-Methode, die sehr einfach mit zwei Fingern ausgef\u00fchrt wird. Mit dem Myostatik-Test kann das genaue Thema bestimmt werden kann, deshalb sprechen wir auch von einem punktgenauem Coaching. Dar\u00fcber hinaus kann durch diesen einfachen Test die Wirksamkeit der Intervention \u00fcberpr\u00fcft werden.<\/p>\n<p>Dieses Kurzzeitcoaching kommt nicht nur bei Erwachsenen im\u00a0Alltag, bei beruflichen oder pers\u00f6nlichen Zielen, im Sport und in weiteren Themen zum Einsatz (Flugangst, Zahnarztbesuch, Golf\u2026.), \u00a0sondern auch bei Kindern und Jugendlichen.<\/p>\n<p><strong>Wo genau kommt die Methode bei Kindern und Jugendlichen zum Einsatz?<\/strong><\/p>\n<ul>\n<li>Bei Schulstress, Pr\u00fcfungsangst und um Lernblockaden abzubauen, Homeschooling (coronabedingt)<\/li>\n<li>Um Leistungsdruck zu mindern<\/li>\n<li>Um Lernschwierigkeiten zu verringern<\/li>\n<li>Um Verhaltensauff\u00e4lligkeiten abzubauen<\/li>\n<li>Konzentrationsschwierigkeiten zu \u00fcberwinden<\/li>\n<li>Schlafprobleme zu beheben<\/li>\n<li>Um Trauer besser zu verkraften<\/li>\n<li>F\u00fcr Erleichterung bei famili\u00e4ren Situationen (z.B. Streit oder Trennung der Eltern, Streit mit Geschwistern z.B.)<\/li>\n<li>Um das Selbstbewusstsein bzw. Selbstvertrauen zu st\u00e4rken<\/li>\n<li>Emotionale Ausgeglichenheit zu entwickeln<\/li>\n<li>Eigene St\u00e4rken\/Ressourcen zu finden und zu festigen<\/li>\n<\/ul>\n<p><strong>Wie funktioniert es bei Kindern \/ Jugendlichen?<\/strong><br \/> Ich\u00a0erkl\u00e4re zuerst die wingwave Technik kindgerecht, mit Beispielen und kleinen Proben. Bei kleineren Kindern benutze ich gerne auch Fingerpuppen und andere spielerische Tools.<br \/> Das Kind schildert zun\u00e4chst aus eigener Sicht, was es bedr\u00fcckt oder bewegt. Ich arbeite mit dem Myostatiktest. Kinder finden das sehr spannend. Die Methode umfasst das sogenannte\u00a0\u201eWinken\u201c und bedeutet, mit den Augen, den Fingern bzw. schnellen Handbewegungen zu folgen. Kinder schaffen das auch schon mit dem 5.Lebensjahr mit\u00a0Leichtigkeit. Wie viele Sitzungen es jeweils braucht, h\u00e4ngt von dem Kind oder dem Erwachsenen selbst ab, jedoch stellt sich bereits schon nach der ersten Sitzung erfahrungsgem\u00e4\u00df eine\u00a0Erleichterung ein.<\/p>\n<p>[\/et_pb_text][\/et_pb_column][et_pb_column type=&#8220;1_3&#8243; _builder_version=&#8220;4.16&#8243; _module_preset=&#8220;default&#8220; global_colors_info=&#8220;{}&#8220;][et_pb_text _builder_version=&#8220;4.16&#8243; _module_preset=&#8220;default&#8220; custom_margin=&#8220;||0px||false|false&#8220; custom_padding=&#8220;||||false|false&#8220; global_colors_info=&#8220;{}&#8220;]<\/p>\n<p><strong>Was ist wingwave?<\/strong><\/p>\n<p>[\/et_pb_text][et_pb_video src=&#8220;https:\/\/www.youtube.com\/watch?v=jiJw6X8WRTY&#038;feature=emb_title&#8220; _builder_version=&#8220;4.16&#8243; _module_preset=&#8220;default&#8220; global_colors_info=&#8220;{}&#8220;][\/et_pb_video][et_pb_text _builder_version=&#8220;4.16&#8243; _module_preset=&#8220;default&#8220; custom_margin=&#8220;||0px||false|false&#8220; custom_padding=&#8220;||||false|false&#8220; global_colors_info=&#8220;{}&#8220;]<\/p>\n<p><strong>Wingwave f\u00fcr Kinder<\/strong><\/p>\n<p>[\/et_pb_text][et_pb_video src=&#8220;https:\/\/www.youtube.com\/watch?v=X9BYE4xHnCw&#8220; _builder_version=&#8220;4.16&#8243; _module_preset=&#8220;default&#8220; global_colors_info=&#8220;{}&#8220;][\/et_pb_video][et_pb_image src=&#8220;https:\/\/sabrinaeilers.com\/wp\/wp-content\/uploads\/2025\/03\/17785_csm_stamp_2025_de_a9bb63de55_62e7d25b91.png&#8220; title_text=&#8220;17785_csm_stamp_2025_de_a9bb63de55_62e7d25b91&#8243; _builder_version=&#8220;4.27.4&#8243; _module_preset=&#8220;default&#8220; hover_enabled=&#8220;0&#8243; global_colors_info=&#8220;{}&#8220; sticky_enabled=&#8220;0&#8243;][\/et_pb_image][et_pb_image src=&#8220;https:\/\/sabrinaeilers.com\/wp\/wp-content\/uploads\/2025\/04\/17785_csm_online_coach_2025_0f7f793601_2c7df05f55.png&#8220; title_text=&#8220;17785_csm_online_coach_2025_0f7f793601_2c7df05f55&#8243; _builder_version=&#8220;4.27.4&#8243; _module_preset=&#8220;default&#8220; hover_enabled=&#8220;0&#8243; global_colors_info=&#8220;{}&#8220; sticky_enabled=&#8220;0&#8243;][\/et_pb_image][et_pb_image src=&#8220;https:\/\/sabrinaeilers.com\/wp\/wp-content\/uploads\/2025\/04\/17785_csm_master_young_2025_9a38e8e66e_139aec7c41.png&#8220; title_text=&#8220;17785_csm_master_young_2025_9a38e8e66e_139aec7c41&#8243; _builder_version=&#8220;4.27.4&#8243; _module_preset=&#8220;default&#8220; hover_enabled=&#8220;0&#8243; global_colors_info=&#8220;{}&#8220; sticky_enabled=&#8220;0&#8243;][\/et_pb_image][\/et_pb_column][\/et_pb_row][\/et_pb_section]<\/p>\n","protected":false},"excerpt":{"rendered":"<p>Wingwavewingwave\u00ae ist eine nachhaltig wirkende und effiziente Coaching-Methode, die drei Elemente in sich vereint: den Myostatiktest (Muskeltest), das Neuro-Linguistische Programmieren [&hellip;]<\/p>\n","protected":false},"author":1,"featured_media":0,"parent":12,"menu_order":3,"comment_status":"closed","ping_status":"closed","template":"","meta":{"_et_pb_use_builder":"on","_et_pb_old_content":"[fusion_builder_container hundred_percent=\"no\" hundred_percent_height=\"no\" hundred_percent_height_scroll=\"no\" hundred_percent_height_center_content=\"yes\" equal_height_columns=\"no\" menu_anchor=\"\" hide_on_mobile=\"no\" status=\"published\" publish_date=\"\" class=\"\" id=\"\" background_color=\"\" background_image=\"\" background_position=\"left top\" background_repeat=\"no-repeat\" fade=\"no\" background_parallax=\"none\" enable_mobile=\"no\" parallax_speed=\"0.3\" video_mp4=\"\" video_webm=\"\" video_ogv=\"\" video_url=\"\" video_aspect_ratio=\"16:9\" video_loop=\"yes\" video_mute=\"yes\" video_preview_image=\"\" border_size=\"0px\" border_color=\"\" border_style=\"solid\" margin_top=\"\" margin_bottom=\"\" padding_top=\"\" padding_right=\"\" padding_bottom=\"\" padding_left=\"\" admin_toggled=\"no\"][fusion_builder_row][fusion_builder_column type=\"1_1\" layout=\"2_3\" last=\"no\" spacing=\"yes\" center_content=\"no\" hide_on_mobile=\"no\" background_color=\"\" background_image=\"\" background_repeat=\"no-repeat\" background_position=\"left top\" hover_type=\"none\" link=\"\" border_position=\"all\" border_size=\"0px\" border_color=\"\" border_style=\"solid\" padding_top=\"\" padding_right=\"\" padding_bottom=\"\" padding_left=\"\" margin_top=\"\" margin_bottom=\"\" animation_type=\"0\" animation_direction=\"down\" animation_speed=\"0.1\" animation_offset=\"\" class=\"\" id=\"\" min_height=\"\"][fusion_text columns=\"\" column_min_width=\"\" column_spacing=\"\" rule_style=\"default\" rule_size=\"\" rule_color=\"\" hide_on_mobile=\"small-visibility,medium-visibility,large-visibility\" class=\"\" id=\"\"]\r\n<h2 style=\"text-align: left;\">Wingwave<\/h2>\r\n[\/fusion_text][\/fusion_builder_column][fusion_builder_column type=\"2_3\" layout=\"2_3\" last=\"no\" spacing=\"yes\" center_content=\"no\" hide_on_mobile=\"no\" background_color=\"\" background_image=\"\" background_repeat=\"no-repeat\" background_position=\"left top\" hover_type=\"none\" link=\"\" border_position=\"all\" border_size=\"0px\" border_color=\"\" border_style=\"solid\" padding_top=\"\" padding_right=\"\" padding_bottom=\"\" padding_left=\"\" margin_top=\"\" margin_bottom=\"\" animation_type=\"0\" animation_direction=\"down\" animation_speed=\"0.1\" animation_offset=\"\" class=\"\" id=\"\" min_height=\"\"][fusion_text columns=\"\" column_min_width=\"\" column_spacing=\"\" rule_style=\"default\" rule_size=\"\" rule_color=\"\" hide_on_mobile=\"small-visibility,medium-visibility,large-visibility\" class=\"\" id=\"\"]wingwave\u00ae ist eine nachhaltig wirkende und effiziente Coaching-Methode, die drei Elemente in sich vereint: den Myostatiktest (Muskeltest), das Neuro-Linguistische Programmieren (#NLP) und die Bilaterale Hemisph\u00e4renstimulation.\u00a0W\u00e4hrend EMDR im psychotherapeutischen Bereich Anwendung findet, ist wingwave\u00ae ein Kurzzeitcoaching zur L\u00f6sung innerer Blockaden und Ver\u00e4nderung von Glaubenss\u00e4tzen.\r\n\r\nDie wingwave\u00ae\u00a0Methode ist ein Leistungs- und Emotions-Coaching, das in vergleichbar kurzer Zeit zum Erfolg f\u00fchrt. Erreicht wird dieser Effekt durch eine einfach erscheinende Grundintervention: das Erzeugen von<b>\"wachen\" REM-Phasen (Rapid Eye Movement)<\/b>, welche wir Menschen sonst nur im n\u00e4chtlichen Traumschlaf durchlaufen. Dabei f\u00fchrt der Coach mit\u00a0<b>schnellen Handbewegungen, auch \"Winken\" genannt,\u00a0<\/b>den Blick seiner Coachees horizontal hin und her. Alternativ zum \u201eWinken\u201c arbeitet der Coach f\u00fcr den Prozess-Flow manchmal auch mit bilateralen T\u00f6nen oder leichten\u00a0 Klopftechniken, die man \u201eTappen\u201c nennt.\r\n\r\nAbgeleitet ist wingwave\u00ae aus der EMDR-Therapie, die in Deutschland kassenzugelassen ist und somit strengsten wissenschaftlichen Kriterien gen\u00fcgen muss. wingwave\u00ae selbst ist eine extrem gut beforschte Coachingmethode. Seit 2006 wurde die Wirksamkeit in mehr als 20 universit\u00e4ren Studien belegt. Mehr Informationen dazu auf der\u00a0<a href=\"https:\/\/wingwave.com\/coaching\/forschung-und-erfolgskontrolle\/\">wingwave.com<\/a>\u00a0Website.\r\n\r\nEs wird davon ausgegangen, dass\u00a0Lernprozess Informationsverarbeitung und Stressbew\u00e4ltigung eng an den REM-Schlaf gekoppelt sind. Manche Erlebnisse werden unzureichend verarbeitet und bleiben als sogenannter Stress-Imprint bestehen. Er l\u00f6st in uns unangenehme Emotionen und Erinnerungen aus. Durch die Erzeugung der \"wachen REM-Phasen\" wird eine Verarbeitung nachtr\u00e4glich in Gang gesetzt und der Stress-Imprint nachhaltig aufgel\u00f6st.\r\n\r\nDer wingwave\u00ae\u00a0Prozess wird durch den Einsatz von\u00a0<b>Sprache<\/b>\u00a0in Form von Zieldefinitionen und emotionalen Wunschzust\u00e4nden unterst\u00fctzt. Die Techniken beruhen auf den Erkenntnissen der Neurolinguistik.\r\n\r\nEin weiteres\u00a0Element ist der\u00a0<b>Myostatiktest<\/b>. Eine Muskelfeedback-Methode, die sehr einfach mit zwei Fingern ausgef\u00fchrt wird. Mit dem Myostatik-Test kann das genaue Thema bestimmt werden kann, deshalb sprechen wir auch von einem punktgenauem Coaching. Dar\u00fcber hinaus kann durch diesen einfachen Test die Wirksamkeit der Intervention \u00fcberpr\u00fcft werden.\r\n\r\nDieses Kurzzeitcoaching kommt nicht nur bei Erwachsenen im\u00a0Alltag, bei beruflichen oder pers\u00f6nlichen Zielen, im Sport und in weiteren Themen zum Einsatz (Flugangst, Zahnarztbesuch, Golf\u2026.), \u00a0sondern auch bei Kindern und Jugendlichen.\r\n\r\n<strong>Wo genau kommt die Methode bei Kindern und Jugendlichen zum Einsatz?<\/strong>\r\n<ul>\r\n \t<li>Bei Schulstress, Pr\u00fcfungsangst und um Lernblockaden abzubauen, Homeschooling (coronabedingt)<\/li>\r\n \t<li>Um Leistungsdruck zu mindern<\/li>\r\n \t<li>Um Lernschwierigkeiten zu verringern<\/li>\r\n \t<li>Um Verhaltensauff\u00e4lligkeiten abzubauen<\/li>\r\n \t<li>Konzentrationsschwierigkeiten zu \u00fcberwinden<\/li>\r\n \t<li>Schlafprobleme zu beheben<\/li>\r\n \t<li>Um Trauer besser zu verkraften<\/li>\r\n \t<li>F\u00fcr Erleichterung bei famili\u00e4ren Situationen (z.B. Streit oder Trennung der Eltern, Streit mit Geschwistern z.B.)<\/li>\r\n \t<li>Um das Selbstbewusstsein bzw. Selbstvertrauen zu st\u00e4rken<\/li>\r\n \t<li>Emotionale Ausgeglichenheit zu entwickeln<\/li>\r\n \t<li>Eigene St\u00e4rken\/Ressourcen zu finden und zu festigen<\/li>\r\n<\/ul>\r\n<strong>Wie funktioniert es bei Kindern \/ Jugendlichen?<\/strong>\r\nIch\u00a0erkl\u00e4re zuerst die wingwave Technik kindgerecht, mit Beispielen und kleinen Proben. Bei kleineren Kindern benutze ich gerne auch Fingerpuppen und andere spielerische Tools.\r\nDas Kind schildert zun\u00e4chst aus eigener Sicht, was es bedr\u00fcckt oder bewegt. Ich arbeite mit dem Myostatiktest. Kinder finden das sehr spannend. Die Methode umfasst das sogenannte\u00a0\u201eWinken\u201c und bedeutet, mit den Augen, den Fingern bzw. schnellen Handbewegungen zu folgen. Kinder schaffen das auch schon mit dem 5.Lebensjahr mit\u00a0Leichtigkeit. Wie viele Sitzungen es jeweils braucht, h\u00e4ngt von dem Kind oder dem Erwachsenen selbst ab, jedoch stellt sich bereits schon nach der ersten Sitzung erfahrungsgem\u00e4\u00df eine\u00a0Erleichterung ein.[\/fusion_text][\/fusion_builder_column][fusion_builder_column type=\"1_3\" layout=\"1_3\" spacing=\"yes\" center_content=\"no\" link=\"\" target=\"_self\" min_height=\"\" hide_on_mobile=\"no\" class=\"videosidebar\" id=\"\" background_image_id=\"\" background_color=\"\" background_image=\"\" background_position=\"left top\" undefined=\"\" background_repeat=\"no-repeat\" hover_type=\"none\" border_size=\"0\" border_color=\"\" border_style=\"solid\" border_position=\"all\" padding_top=\"\" padding_right=\"\" padding_bottom=\"\" padding_left=\"\" margin_top=\"\" margin_bottom=\"\" animation_type=\"\" animation_direction=\"left\" animation_speed=\"0.1\" animation_offset=\"\" last=\"no\"][fusion_text columns=\"\" column_min_width=\"\" column_spacing=\"\" rule_style=\"default\" rule_size=\"\" rule_color=\"\" hide_on_mobile=\"small-visibility,medium-visibility,large-visibility\" class=\"\" id=\"\"]\r\n\r\n<strong>Was ist wingwave?<\/strong>\r\n\r\n[\/fusion_text][fusion_youtube id=\"jiJw6X8WRTY\" alignment=\"center\" width=\"\" height=\"\" autoplay=\"false\" api_params=\"\" hide_on_mobile=\"small-visibility,medium-visibility,large-visibility\" class=\"\" css_id=\"\" \/][fusion_separator style_type=\"none\" hide_on_mobile=\"small-visibility,medium-visibility,large-visibility\" class=\"separateVideo\" id=\"\" sep_color=\"\" top_margin=\"\" bottom_margin=\"15px\" border_size=\"\" icon=\"\" icon_circle=\"\" icon_circle_color=\"\" width=\"\" alignment=\"center\" \/][fusion_text columns=\"\" column_min_width=\"\" column_spacing=\"\" rule_style=\"default\" rule_size=\"\" rule_color=\"\" hide_on_mobile=\"small-visibility,medium-visibility,large-visibility\" class=\"\" id=\"\"]\r\n\r\n<strong>Wingwave f\u00fcr\u00a0<\/strong><b>Kinder<\/b>\r\n\r\n[\/fusion_text][fusion_youtube id=\"X9BYE4xHnCw\" alignment=\"center\" width=\"\" height=\"\" autoplay=\"false\" api_params=\"\" hide_on_mobile=\"small-visibility,medium-visibility,large-visibility\" class=\"\" css_id=\"\" \/][fusion_separator style_type=\"none\" hide_on_mobile=\"small-visibility,medium-visibility,large-visibility\" class=\"separateVideo\" id=\"\" sep_color=\"\" top_margin=\"\" bottom_margin=\"15px\" border_size=\"\" icon=\"\" icon_circle=\"\" icon_circle_color=\"\" width=\"\" alignment=\"center\" \/][fusion_imageframe image_id=\"1843|full\" max_width=\"\" style_type=\"\" blur=\"\" stylecolor=\"\" hover_type=\"none\" bordersize=\"\" bordercolor=\"\" borderradius=\"\" align=\"center\" lightbox=\"no\" gallery_id=\"\" lightbox_image=\"\" lightbox_image_id=\"\" alt=\"\" link=\"\" linktarget=\"_self\" hide_on_mobile=\"small-visibility,medium-visibility,large-visibility\" class=\"\" id=\"\" animation_type=\"\" animation_direction=\"left\" animation_speed=\"0.3\" animation_offset=\"\"]http:\/\/sabrinaeilers.com\/wp\/wp-content\/uploads\/2021\/03\/17785_csm_stamp_2021_de_824ba158b1_fbd15285ae.png[\/fusion_imageframe][fusion_separator style_type=\"none\" hide_on_mobile=\"small-visibility,medium-visibility,large-visibility\" class=\"separateVideo\" id=\"\" sep_color=\"\" top_margin=\"\" bottom_margin=\"15px\" border_size=\"\" icon=\"\" icon_circle=\"\" icon_circle_color=\"\" width=\"\" alignment=\"center\" \/][fusion_imageframe image_id=\"1845|full\" max_width=\"\" style_type=\"\" blur=\"\" stylecolor=\"\" hover_type=\"none\" bordersize=\"\" bordercolor=\"\" borderradius=\"\" align=\"center\" lightbox=\"no\" gallery_id=\"\" lightbox_image=\"\" lightbox_image_id=\"\" alt=\"\" link=\"\" linktarget=\"_self\" hide_on_mobile=\"small-visibility,medium-visibility,large-visibility\" class=\"\" id=\"\" animation_type=\"\" animation_direction=\"left\" animation_speed=\"0.3\" animation_offset=\"\"]http:\/\/sabrinaeilers.com\/wp\/wp-content\/uploads\/2021\/03\/17785_csm_online_2021_3cf10d1dcf_80e35c0e1d.png[\/fusion_imageframe][\/fusion_builder_column][\/fusion_builder_row][\/fusion_builder_container][fusion_builder_container hundred_percent=\"no\" hundred_percent_height=\"no\" hundred_percent_height_scroll=\"no\" hundred_percent_height_center_content=\"yes\" equal_height_columns=\"no\" menu_anchor=\"\" hide_on_mobile=\"no\" status=\"published\" publish_date=\"\" class=\"\" id=\"\" background_color=\"\" background_image=\"\" background_position=\"left top\" background_repeat=\"no-repeat\" fade=\"no\" background_parallax=\"none\" enable_mobile=\"no\" parallax_speed=\"0.3\" video_mp4=\"\" video_webm=\"\" video_ogv=\"\" video_url=\"\" video_aspect_ratio=\"16:9\" video_loop=\"yes\" video_mute=\"yes\" video_preview_image=\"\" border_size=\"0px\" border_color=\"\" border_style=\"solid\" margin_top=\"\" margin_bottom=\"\" padding_top=\"\" padding_right=\"\" padding_bottom=\"\" padding_left=\"\" admin_toggled=\"no\"][fusion_builder_row][\/fusion_builder_row][\/fusion_builder_container]","_et_gb_content_width":"","footnotes":""},"class_list":["post-1851","page","type-page","status-publish","hentry"],"aioseo_notices":[],"_links":{"self":[{"href":"https:\/\/sabrinaeilers.com\/wp\/wp-json\/wp\/v2\/pages\/1851","targetHints":{"allow":["GET"]}}],"collection":[{"href":"https:\/\/sabrinaeilers.com\/wp\/wp-json\/wp\/v2\/pages"}],"about":[{"href":"https:\/\/sabrinaeilers.com\/wp\/wp-json\/wp\/v2\/types\/page"}],"author":[{"embeddable":true,"href":"https:\/\/sabrinaeilers.com\/wp\/wp-json\/wp\/v2\/users\/1"}],"replies":[{"embeddable":true,"href":"https:\/\/sabrinaeilers.com\/wp\/wp-json\/wp\/v2\/comments?post=1851"}],"version-history":[{"count":21,"href":"https:\/\/sabrinaeilers.com\/wp\/wp-json\/wp\/v2\/pages\/1851\/revisions"}],"predecessor-version":[{"id":2291,"href":"https:\/\/sabrinaeilers.com\/wp\/wp-json\/wp\/v2\/pages\/1851\/revisions\/2291"}],"up":[{"embeddable":true,"href":"https:\/\/sabrinaeilers.com\/wp\/wp-json\/wp\/v2\/pages\/12"}],"wp:attachment":[{"href":"https:\/\/sabrinaeilers.com\/wp\/wp-json\/wp\/v2\/media?parent=1851"}],"curies":[{"name":"wp","href":"https:\/\/api.w.org\/{rel}","templated":true}]}}